{"id":67,"date":"2023-04-20T05:34:35","date_gmt":"2023-04-20T05:34:35","guid":{"rendered":"https:\/\/german-healthcare-engineering.com\/de\/?page_id=67"},"modified":"2023-06-20T07:17:47","modified_gmt":"2023-06-20T07:17:47","slug":"image-attributions","status":"publish","type":"page","link":"https:\/\/german-healthcare-engineering.com\/de\/image-attributions","title":{"rendered":"Bildquellennachweise"},"content":{"rendered":"<div class=\"about-bg\">\n<div class=\"container h-100\">\n<div class=\"row h-100 align-items-end\">\n<div class=\"col-md-6 banner-txt\">\n<h1>Bildquellennachweis<\/h1>\n<p>Wir danken den Fotografen f\u00fcr die Erlaubnis, ihre auf der Website genannten Werke verwenden zu d\u00fcrfen.<\/p>\n<\/div>\n<\/div>\n<\/div>\n<\/div>\n<div class=\"section-white pt-0\">\n<div class=\"container\">\n<div class=\"row\">\n<div class=\"col-lg-4 col-md-6\">\n<div class=\"card mt-5\">\n<img decoding=\"async\" src=\"https:\/\/german-healthcare-engineering.com\/de\/wp-content\/uploads\/2023\/04\/img1.jpg\" alt=\"image\" class=\"card-img-top\"><\/p>\n<div class=\"card-body same-height\">\n<p class=\"card-text\"><b>Titel:<\/b> Sie hat den perfekten Plan. Aufnahme einer Gruppe von \u00c4rzten, die bei der Arbeit ein digitales Tablet verwenden.<\/p>\n<p class=\"card-text\"><b>Von:<\/b> Beaunitta Van Wyk\/peopleimages.com<br \/>\n<b>Portal:<\/b> Adobe Stock<br \/>\n<b>Datei-Nr.:<\/b> 499317884<\/p>\n<p class=\"card-text\"><b>Auf der folgenden Seite verwendet:<\/b> Startseite<\/p>\n<\/div>\n<\/div>\n<\/div>\n<div class=\"col-lg-4 col-md-6\">\n<div class=\"card mt-5\">\n<img decoding=\"async\" src=\"https:\/\/german-healthcare-engineering.com\/de\/wp-content\/uploads\/2023\/04\/img2.jpg\" alt=\"image\" class=\"card-img-top\"><\/p>\n<div class=\"card-body same-height\">\n<p class=\"card-text\"><b>Titel:<\/b> Hamburg<\/p>\n<p class=\"card-text\"><b>Von:<\/b> Patrick Rosenkranz<br \/>\n<b>Portal:<\/b> Unsplash<br \/>\n<b>Datei-Nr.:<\/b> n\/a<\/p>\n<p class=\"card-text\"><b>Auf der folgenden Seite verwendet:<\/b> \u00dcber uns, Datenschutz, Bildquellennachweis<\/p>\n<\/div>\n<\/div>\n<\/div>\n<div class=\"col-lg-4 col-md-6\">\n<div class=\"card mt-5\">\n<img decoding=\"async\" src=\"https:\/\/german-healthcare-engineering.com\/de\/wp-content\/uploads\/2023\/04\/img3.jpg\" alt=\"image\" class=\"card-img-top\"><\/p>\n<div class=\"card-body same-height\">\n<p class=\"card-text\"><b>Titel:<\/b> Menschen mit Leidenschaft machen Dinge m\u00f6glich. Aufnahme einer jungen Gesch\u00e4ftsfrau, die an ihrem Schreibtisch in einem modernen B\u00fcro ein Mobiltelefon benutzt.<\/p>\n<p class=\"card-text\"><b>Von:<\/b> Chanelle M\/peopleimages.com<br \/>\n<b>Portal:<\/b> Adobe Stock<br \/>\n<b>Datei-Nr.:<\/b> 576607106<\/p>\n<p class=\"card-text\"><b>Auf der folgenden Seite verwendet:<\/b> Kontakt und Impressum<\/p>\n<\/div>\n<\/div>\n<\/div>\n<div class=\"col-lg-4 col-md-6\">\n<div class=\"card mt-5\">\n<img decoding=\"async\" src=\"https:\/\/german-healthcare-engineering.com\/de\/wp-content\/uploads\/2023\/04\/img4.jpg\" alt=\"image\" class=\"card-img-top\"><\/p>\n<div class=\"card-body same-height\">\n<p class=\"card-text\"><b>Titel:<\/b> Arztrechnungscodes und Tabellendaten<\/p>\n<p class=\"card-text\"><b>Von:<\/b> Andrey Popov<br \/>\n<b>Portal:<\/b> Adobe Stock<br \/>\n<b>Datei-Nr.:<\/b> 413362622<\/p>\n<p class=\"card-text\"><b>Auf der folgenden Seite verwendet:<\/b> Software<\/p>\n<\/div>\n<\/div>\n<\/div>\n<div class=\"col-lg-4 col-md-6\">\n<div class=\"card mt-5\">\n<img decoding=\"async\" src=\"https:\/\/german-healthcare-engineering.com\/de\/wp-content\/uploads\/2023\/04\/img5.jpg\" alt=\"image\" class=\"card-img-top\"><\/p>\n<div class=\"card-body same-height\">\n<p class=\"card-text\"><b>Titel:<\/b> Arzt bespricht Patientenfall mit Facharzt<\/p>\n<p class=\"card-text\"><b>Von:<\/b> Rido<br \/>\n<b>Portal:<\/b> Adobe Stock<br \/>\n<b>Datei-Nr.:<\/b> 522757390<\/p>\n<p class=\"card-text\"><b>Auf der folgenden Seite verwendet:<\/b> Consulting<\/p>\n<\/div>\n<\/div>\n<\/div>\n<div class=\"col-lg-4 col-md-6\">\n<div class=\"card mt-5\">\n<img decoding=\"async\" src=\"https:\/\/german-healthcare-engineering.com\/de\/wp-content\/uploads\/2023\/04\/img6.jpg\" alt=\"image\" class=\"card-img-top\"><\/p>\n<div class=\"card-body same-height\">\n<p class=\"card-text\"><b>Titel:<\/b> Teamarbeit im Krankenhaus, Laptop- und Gesundheitsplanung, medizinische Analyse und Wellness-Zusammenarbeit von \u00c4rzten, Krankenschwestern und Chirurgen bei Besprechungen. Online-Beratung f\u00fcr Diversit\u00e4t, Schulung oder Klinikmitarbeiter &#8230;<\/p>\n<p class=\"card-text\"><b>Von:<\/b> Kirsten Davis\/peopleimages.com<br \/>\n<b>Portal:<\/b> Adobe Stock<br \/>\n<b>Datei-Nr.:<\/b> 536504884<\/p>\n<p class=\"card-text\"><b>Auf der folgenden Seite verwendet:<\/b> Training<\/p>\n<\/div>\n<\/div>\n<\/div>\n<div class=\"col-lg-4 col-md-6\">\n<div class=\"card mt-5\">\n<img decoding=\"async\" src=\"https:\/\/german-healthcare-engineering.com\/de\/wp-content\/uploads\/2023\/06\/img1.jpg\" alt=\"image\" class=\"card-img-top\"><\/p>\n<div class=\"card-body same-height\">\n<p class=\"card-text\"><b>Titel:<\/b> Profilportr\u00e4t einer fr\u00f6hlichen, intelligenten Webdesignerin, die auf einem Stuhl sitzt und einen offenen Projektarbeitsplatz im Innenbereich schafft<\/p>\n<p class=\"card-text\"><b>Von:<\/b> deagreez<br \/>\n<b>Portal:<\/b> Adobe Stock<br \/>\n<b>Datei-Nr.:<\/b> 550456541<\/p>\n<p class=\"card-text\"><b>Auf der folgenden Seite verwendet:<\/b> Startseite<\/p>\n<\/div>\n<\/div>\n<\/div>\n<div class=\"col-lg-4 col-md-6\">\n<div class=\"card mt-5\">\n<img decoding=\"async\" src=\"https:\/\/german-healthcare-engineering.com\/de\/wp-content\/uploads\/2023\/06\/img2.jpg\" alt=\"image\" class=\"card-img-top\"><\/p>\n<div class=\"card-body same-height\">\n<p class=\"card-text\"><b>Titel:<\/b> Skyline von Chicago, Butler Field in Richtung der Wolkenkratzer des Finanzviertels, tags\u00fcber, Illinois, USA. Parks und G\u00e4rten. Hologramm f\u00fcr digitale Medizin im Gesundheitswesen. Das Konzept von Behandlung und Krankheit<\/p>\n<p class=\"card-text\"><b>Von:<\/b> VideoFlow<br \/>\n<b>Portal:<\/b> Adobe Stock<br \/>\n<b>Datei-Nr.:<\/b> 565846417<\/p>\n<p class=\"card-text\"><b>Auf der folgenden Seite verwendet:<\/b> Startseite<\/p>\n<\/div>\n<\/div>\n<\/div>\n<div class=\"col-lg-4 col-md-6\">\n<div class=\"card mt-5\">\n<img decoding=\"async\" src=\"https:\/\/german-healthcare-engineering.com\/de\/wp-content\/uploads\/2023\/06\/img3.jpg\" alt=\"image\" class=\"card-img-top\"><\/p>\n<div class=\"card-body same-height\">\n<p class=\"card-text\"><b>Titel:<\/b> Zusammenfassung des deutschen Kartennetzwerks, des Internets und des globalen Verbindungskonzepts, Wire Frame 3D<\/p>\n<p class=\"card-text\"><b>Von:<\/b> vegefox.com<br \/>\n<b>Portal:<\/b> Adobe Stock<br \/>\n<b>Datei-Nr.:<\/b> 335572447<\/p>\n<p class=\"card-text\"><b>Auf der folgenden Seite verwendet:<\/b> \u00dcber uns<\/p>\n<\/div>\n<\/div>\n<\/div>\n<div class=\"col-lg-4 col-md-6\">\n<div class=\"card mt-5\">\n<img decoding=\"async\" src=\"https:\/\/german-healthcare-engineering.com\/de\/wp-content\/uploads\/2023\/06\/img4.jpg\" alt=\"image\" class=\"card-img-top\"><\/p>\n<div class=\"card-body same-height\">\n<p class=\"card-text\"><b>Titel:<\/b> Teamarbeitsprozess. Brainstorming zur Marketingstrategie. Papierkram und digital im offenen Raum. Absichtliche Blendung durch die Sonne<\/p>\n<p class=\"card-text\"><b>Von:<\/b> Alex from the Rock<br \/>\n<b>Portal:<\/b> Adobe Stock<br \/>\n<b>Datei-Nr.:<\/b> 112468033<\/p>\n<p class=\"card-text\"><b>Auf der folgenden Seite verwendet:<\/b> \u00dcber uns<\/p>\n<\/div>\n<\/div>\n<\/div>\n<div class=\"col-lg-4 col-md-6\">\n<div class=\"card mt-5\">\n<img decoding=\"async\" src=\"https:\/\/german-healthcare-engineering.com\/de\/wp-content\/uploads\/2023\/06\/img5.jpg\" alt=\"image\" class=\"card-img-top\"><\/p>\n<div class=\"card-body same-height\">\n<p class=\"card-text\"><b>Titel:<\/b> Internationales Team von Kollegen, die bunte R\u00e4tsel zusammensetzen<\/p>\n<p class=\"card-text\"><b>Von:<\/b> Prostock-studio<br \/>\n<b>Portal:<\/b> Adobe Stock<br \/>\n<b>Datei-Nr.:<\/b> 316839352<\/p>\n<p class=\"card-text\"><b>Auf der folgenden Seite verwendet:<\/b> Consulting<\/p>\n<\/div>\n<\/div>\n<\/div>\n<div class=\"col-lg-4 col-md-6\">\n<div class=\"card mt-5\">\n<img decoding=\"async\" src=\"https:\/\/german-healthcare-engineering.com\/de\/wp-content\/uploads\/2023\/06\/img6.jpg\" alt=\"image\" class=\"card-img-top\"><\/p>\n<div class=\"card-body same-height\">\n<p class=\"card-text\"><b>Titel:<\/b> Teamarbeit, Beratung und \u00c4rzte treffen sich mit Patienten im Krankenhaus um Hilfe oder Unterst\u00fctzung. Gesundheitsdokumente, Datendiagramme und Frau in Absprache mit medizinischem Personal f\u00fcr Impfungen &#8230;<\/p>\n<p class=\"card-text\"><b>Von:<\/b> Lou W\/peopleimages.com<br \/>\n<b>Portal:<\/b> Adobe Stock<br \/>\n<b>Datei-Nr.:<\/b> 558657551<\/p>\n<p class=\"card-text\"><b>Auf der folgenden Seite verwendet:<\/b> Consulting<\/p>\n<\/div>\n<\/div>\n<\/div>\n<div class=\"col-lg-4 col-md-6\">\n<div class=\"card mt-5\">\n<img decoding=\"async\" src=\"https:\/\/german-healthcare-engineering.com\/de\/wp-content\/uploads\/2023\/06\/img7.jpg\" alt=\"image\" class=\"card-img-top\"><\/p>\n<div class=\"card-body same-height\">\n<p class=\"card-text\"><b>Titel:<\/b> Gruppe von \u00c4rzten auf Seminar im H\u00f6rsaal des Krankenhauses. Krankenhaus, Beruf, Menschen und Medizinkonzept<\/p>\n<p class=\"card-text\"><b>Von:<\/b> Mediteraneo<br \/>\n<b>Portal:<\/b> Adobe Stock<br \/>\n<b>Datei-Nr.:<\/b> 330379469<\/p>\n<p class=\"card-text\"><b>Auf der folgenden Seite verwendet:<\/b> Training<\/p>\n<\/div>\n<\/div>\n<\/div>\n<\/div>\n<\/div>\n<\/div>\n","protected":false},"excerpt":{"rendered":"<p>Bildquellennachweis Wir danken den Fotografen f\u00fcr die Erlaubnis, ihre auf der Website genannten Werke verwenden zu d\u00fcrfen. Titel: Sie hat den perfekten Plan. Aufnahme einer Gruppe von \u00c4rzten, die bei der Arbeit ein digitales Tablet verwenden. Von: Beaunitta Van Wyk\/peopleimages.com Portal: Adobe Stock Datei-Nr.: 499317884 Auf der folgenden Seite verwendet: Startseite Titel: Hamburg Von: Patrick [&#8230;]<\/p>\n<p><a class=\"btn btn-secondary understrap-read-more-link\" href=\"https:\/\/german-healthcare-engineering.com\/de\/image-attributions\">Weiterlesen&#8230;<\/a><\/p>\n","protected":false},"author":1,"featured_media":0,"parent":0,"menu_order":0,"comment_status":"closed","ping_status":"closed","template":"page-templates\/empty.php","meta":{"footnotes":""},"class_list":["post-67","page","type-page","status-publish","hentry"],"_links":{"self":[{"href":"https:\/\/german-healthcare-engineering.com\/de\/wp-json\/wp\/v2\/pages\/67","targetHints":{"allow":["GET"]}}],"collection":[{"href":"https:\/\/german-healthcare-engineering.com\/de\/wp-json\/wp\/v2\/pages"}],"about":[{"href":"https:\/\/german-healthcare-engineering.com\/de\/wp-json\/wp\/v2\/types\/page"}],"author":[{"embeddable":true,"href":"https:\/\/german-healthcare-engineering.com\/de\/wp-json\/wp\/v2\/users\/1"}],"replies":[{"embeddable":true,"href":"https:\/\/german-healthcare-engineering.com\/de\/wp-json\/wp\/v2\/comments?post=67"}],"version-history":[{"count":11,"href":"https:\/\/german-healthcare-engineering.com\/de\/wp-json\/wp\/v2\/pages\/67\/revisions"}],"predecessor-version":[{"id":131,"href":"https:\/\/german-healthcare-engineering.com\/de\/wp-json\/wp\/v2\/pages\/67\/revisions\/131"}],"wp:attachment":[{"href":"https:\/\/german-healthcare-engineering.com\/de\/wp-json\/wp\/v2\/media?parent=67"}],"curies":[{"name":"wp","href":"https:\/\/api.w.org\/{rel}","templated":true}]}}