{"id":23,"date":"2023-04-19T05:22:00","date_gmt":"2023-04-19T05:22:00","guid":{"rendered":"https:\/\/german-healthcare-engineering.com\/de\/?page_id=23"},"modified":"2023-06-20T07:05:08","modified_gmt":"2023-06-20T07:05:08","slug":"imprint","status":"publish","type":"page","link":"https:\/\/german-healthcare-engineering.com\/de\/imprint","title":{"rendered":"Impressum"},"content":{"rendered":"<div class=\"contact-bg\">\n<div class=\"container h-100\">\n<div class=\"row h-100 align-items-end\">\n<div class=\"col-md-6 banner-txt\">\n<h1>Impressum<\/h1>\n<p>Hier finden Sie alle notwendigen Informationen \u00fcber die German Healthcare Engineering GmbH<\/p>\n<\/div>\n<\/div>\n<\/div>\n<\/div>\n<div class=\"section-white\">\n<div class=\"container\">\n<div class=\"row align-items-center\">\n<div class=\"col-md-6\">\n<p><b>German Healthcare Engineering GmbH<\/b><br \/>\nBillwerder Neuer Deich 12<br \/>\n20539 Hamburg<br \/>\nGermany<\/p>\n<p><b>Gerichtsstand:<\/b> Landgericht Hamburg<br \/>\n<b>Handelsregister:<\/b> HRB 156589<br \/>\n<b>USt-IdNr..:<\/b> DE326188187<\/p>\n<p><b>Inhaltlich verantwortlich:<\/b> <br \/>Johannes O. Bockmann (Managing Director)<\/p>\n<\/div>\n<div class=\"col-md-6\">\n<img decoding=\"async\" src=\"https:\/\/german-healthcare-engineering.com\/de\/wp-content\/uploads\/2023\/04\/imprint-img.jpg\" class=\"img-fluid d-block mx-auto\">\n<\/div>\n<\/div>\n<\/div>\n<\/div>\n<div class=\"section-secondary\">\n<div class=\"container\">\n<div class=\"row\">\n<div class=\"col-md-6\">\n<h3>Liability For Content<\/h3>\n<p>We have made great efforts in creating our pages. However, we cannot guarantee the accuracy, completeness, and timeliness of the content. As a service provider, we are liable for the content we create on these pages according to \u00a7 7 para. 1 TMG (German Telemedia Act) under the applicable laws. However, under \u00a7\u00a7 8 to 10 TMG, we are not obliged to monitor transmitted or stored third-party information or to investigate circumstances that indicate illegal activity. We reserve the right to remove information or block its use in accordance with applicable laws. Liability can only arise from the point in time at which we become aware of a specific legal violation. If such violations become known to us, we will immediately remove the corresponding content. The German version of this text prevails.<\/p>\n<\/div>\n<div class=\"col-md-6\">\n<h3>Haftung f\u00fcr Inhalte<\/h3>\n<p>Wir haben uns bei der Erstellung unserer Seiten gr\u00f6\u00dfte M\u00fche gegeben. Wir k\u00f6nnen jedoch keine Garantie f\u00fcr die Richtigkeit, Vollst\u00e4ndigkeit und Aktualit\u00e4t der Inhalte \u00fcbernehmen. Als Diensteanbieter haften wir gem\u00e4\u00df \u00a7 7 Abs.1 TMG f\u00fcr die von uns erstellten Inhalte auf diesen Seiten nach den geltenden Gesetzen. Nach \u00a7\u00a7 8 bis 10 TMG sind wir jedoch nicht verpflichtet, \u00fcbermittelte oder gespeicherte fremde Informationen zu \u00fcberwachen oder nach Umst\u00e4nden zu forschen, die auf eine rechtswidrige T\u00e4tigkeit hinweisen. Wir behalten uns das Recht vor, Informationen gem\u00e4\u00df den geltenden Gesetzen zu entfernen oder deren Nutzung zu blockieren. Eine Haftung kann nur ab dem Zeitpunkt einer konkreten Rechtsverletzung entstehen, von der wir Kenntnis haben. Wenn uns eine solche Verletzung bekannt wird, werden wir die entsprechenden Inhalte umgehend entfernen. Die deutsche Version dieses Textes ist ma\u00dfgebend.<\/p>\n<\/div>\n<\/div>\n<\/div>\n<\/div>\n<div class=\"section-lightgrey\">\n<div class=\"container\">\n<div class=\"row\">\n<div class=\"col-md-6\">\n<h3>Liability For Hyperlinks<\/h3>\n<p>Our website contains links to external third-party websites over which we have no control. Therefore, we cannot assume any liability for these foreign contents. The respective provider or operator of the linked sites is always responsible for their content. The linked pages were checked for possible legal violations at the time of linking. Illegal content was not identifiable at the time of linking. However, it is not reasonable to conduct ongoing content checks on linked pages without concrete evidence of a legal violation. If we become aware of any violations, we will immediately remove such links. The German version of this text prevails.<\/p>\n<\/div>\n<div class=\"col-md-6\">\n<h3>Haftung f\u00fcr Links<\/h3>\n<p>Unsere Website enth\u00e4lt Links zu externen Webseiten Dritter, auf deren Inhalte wir keinen Einfluss haben. Daher k\u00f6nnen wir f\u00fcr diese fremden Inhalte keine Gew\u00e4hr \u00fcbernehmen. Verantwortlich f\u00fcr die Inhalte der verlinkten Seiten ist immer der jeweilige Anbieter oder Betreiber der Seiten. Zum Zeitpunkt der Verlinkung wurden die verlinkten Seiten auf m\u00f6gliche Rechtsverst\u00f6\u00dfe \u00fcberpr\u00fcft. Zu diesem Zeitpunkt waren keine illegalen Inhalte erkennbar. Eine permanente inhaltliche Kontrolle der verlinkten Seiten ist jedoch ohne konkrete Anhaltspunkte einer Rechtsverletzung nicht zumutbar. Wenn uns jedoch Verst\u00f6\u00dfe bekannt werden, werden wir derartige Links umgehend entfernen. Die deutsche Version dieses Textes ist ma\u00dfgebend.<\/p>\n<\/div>\n<\/div>\n<\/div>\n<\/div>\n<div class=\"section-white\">\n<div class=\"container\">\n<div class=\"row\">\n<div class=\"col-md-12 text-center\">\n<h4 class=\"mb-0\">You can find our Privacy Policy <a href=\"https:\/\/german-healthcare-engineering.com\/de\/privacy-policy\">here<\/a>.<\/h4>\n<\/div>\n<\/div>\n<\/div>\n<\/div>\n","protected":false},"excerpt":{"rendered":"<p>Impressum Hier finden Sie alle notwendigen Informationen \u00fcber die German Healthcare Engineering GmbH German Healthcare Engineering GmbH Billwerder Neuer Deich 12 20539 Hamburg Germany Gerichtsstand: Landgericht Hamburg Handelsregister: HRB 156589 USt-IdNr..: DE326188187 Inhaltlich verantwortlich: Johannes O. Bockmann (Managing Director) Liability For Content We have made great efforts in creating our pages. However, we cannot guarantee [&#8230;]<\/p>\n<p><a class=\"btn btn-secondary understrap-read-more-link\" href=\"https:\/\/german-healthcare-engineering.com\/de\/imprint\">Weiterlesen&#8230;<\/a><\/p>\n","protected":false},"author":1,"featured_media":0,"parent":0,"menu_order":0,"comment_status":"closed","ping_status":"closed","template":"page-templates\/empty.php","meta":{"footnotes":""},"class_list":["post-23","page","type-page","status-publish","hentry"],"_links":{"self":[{"href":"https:\/\/german-healthcare-engineering.com\/de\/wp-json\/wp\/v2\/pages\/23","targetHints":{"allow":["GET"]}}],"collection":[{"href":"https:\/\/german-healthcare-engineering.com\/de\/wp-json\/wp\/v2\/pages"}],"about":[{"href":"https:\/\/german-healthcare-engineering.com\/de\/wp-json\/wp\/v2\/types\/page"}],"author":[{"embeddable":true,"href":"https:\/\/german-healthcare-engineering.com\/de\/wp-json\/wp\/v2\/users\/1"}],"replies":[{"embeddable":true,"href":"https:\/\/german-healthcare-engineering.com\/de\/wp-json\/wp\/v2\/comments?post=23"}],"version-history":[{"count":8,"href":"https:\/\/german-healthcare-engineering.com\/de\/wp-json\/wp\/v2\/pages\/23\/revisions"}],"predecessor-version":[{"id":128,"href":"https:\/\/german-healthcare-engineering.com\/de\/wp-json\/wp\/v2\/pages\/23\/revisions\/128"}],"wp:attachment":[{"href":"https:\/\/german-healthcare-engineering.com\/de\/wp-json\/wp\/v2\/media?parent=23"}],"curies":[{"name":"wp","href":"https:\/\/api.w.org\/{rel}","templated":true}]}}