{"id":18,"date":"2023-04-19T05:21:35","date_gmt":"2023-04-19T05:21:35","guid":{"rendered":"https:\/\/german-healthcare-engineering.com\/de\/?page_id=18"},"modified":"2023-06-20T06:57:54","modified_gmt":"2023-06-20T06:57:54","slug":"training","status":"publish","type":"page","link":"https:\/\/german-healthcare-engineering.com\/de\/training","title":{"rendered":"Training"},"content":{"rendered":"<div class=\"training-bg\">\n<div class=\"container h-100\">\n<div class=\"row h-100 align-items-end\">\n<div class=\"col-md-6 banner-txt\">\n<h1>Training<\/h1>\n<p>Wir bieten ma\u00dfgeschneiderte L\u00f6sungen f\u00fcr Schulungen und Workshops zur digitalen Gesundheitsinfrastruktur &#8211; vor Ort, online und hybrid.<\/p>\n<\/div>\n<\/div>\n<\/div>\n<\/div>\n<div class=\"section-white\">\n<div class=\"container\">\n<div class=\"row\">\n<div class=\"col-lg-12\">\n<p>In der sich schnell entwickelnden Gesundheitslandschaft von heute ist der effektive Einsatz digitaler Technologien f\u00fcr die Erbringung hochwertiger Gesundheitsdienstleistungen unerl\u00e4sslich. Unsere Schulungen und Workshops sollen Fachkr\u00e4fte im Gesundheitswesen, Branchenexperten und Interessenvertreter mit dem Wissen und den F\u00e4higkeiten ausstatten, die sie ben\u00f6tigen, um die Chancen der digitalen Innovation in der Gesundheitsinfrastruktur zu nutzen<\/p>\n<p>Unter der Leitung unseres Teams erfahrener Experten decken unsere Schulungen und Workshops eine breite Palette von Themen ab, darunter Lehrg\u00e4nge und Seminare zur Bewertung und Implementierung digitaler Gesundheits-Infrastrukturen, ma\u00dfgeschneidertes Management digitaler Gesundheits-Infrastrukturen, technische und Anwenderschulungen, ma\u00dfgeschneiderte Schulungen und Workshops zu Smart Hospital Planning (SHP), Smart Hospital Maintenance (SHM) und Enterprise-Resource-Planning (ERP) Software und vieles mehr. Durch interaktive Sitzungen, praktische Demonstrationen und Fallstudien aus der Praxis erhalten die Teilnehmer wertvolle Einblicke in die neuesten Trends, bew\u00e4hrte Verfahren und Herausforderungen im Bereich der digitalen Gesundheits-Infrastruktur.<\/p>\n<\/div>\n<\/div>\n<\/div>\n<\/div>\n<div class=\"section-lightgrey\">\n<div class=\"container\">\n<div class=\"row\">\n<div class=\"col-lg-7\">\n<p>Ganz gleich, ob Sie Gesundheitsdienstleister, Verwaltungsangestellter, Entscheidungstr\u00e4ger oder Technologie-Enthusiast sind, unsere Schulungen und Workshops bieten Ihnen eine einzigartige Gelegenheit, Ihr Verst\u00e4ndnis f\u00fcr die digitale Gesundheitsinfrastruktur zu verbessern und in der sich st\u00e4ndig weiterentwickelnden Gesundheitslandschaft die Nase vorn zu haben. Entdecken Sie mit uns das Potenzial digitaler Technologien f\u00fcr die Umgestaltung des Gesundheitswesens, die Verbesserung der Patientenergebnisse und die F\u00f6rderung von Innovationen in der Gesundheitsbranche. In Zusammenarbeit mit der Hospital Engineering Academy bieten wir auch hybride Schulungen an, die eine moderne Online-Plattform mit Schulungen vor ort kombinieren:<\/p>\n<p><a href=\"https:\/\/hospitalengineering.academy\/\" target=\"_blank\" rel=\"noopener\"><img decoding=\"async\" src=\"https:\/\/german-healthcare-engineering.com\/de\/wp-content\/uploads\/2023\/04\/HEGA.png\" class=\"img-fluid d-block mx-auto\" width=\"150\"><\/a><\/p>\n<p>Wir freuen uns darauf, Sie bei unseren spannenden und informativen Schulungen und Workshops zur digitalen Gesundheitsinfrastruktur begr\u00fc\u00dfen zu d\u00fcrfen. Lassen Sie uns gemeinsam die Kraft der digitalen Innovation entfesseln, um die Zukunft des Gesundheitswesens zu gestalten!<\/p>\n<p><a href=\"https:\/\/german-healthcare-engineering.com\/de\/contact\" class=\"btn btn-primary\">Online-Anfrage<\/a>\n<\/div>\n<div class=\"col-lg-5\">\n<img decoding=\"async\" src=\"https:\/\/german-healthcare-engineering.com\/de\/wp-content\/uploads\/2023\/06\/trainig-hospital-software.jpg\" class=\"img-fluid d-block mx-auto\">\n<\/div>\n<\/div>\n<\/div>\n<\/div>\n","protected":false},"excerpt":{"rendered":"<p>Training Wir bieten ma\u00dfgeschneiderte L\u00f6sungen f\u00fcr Schulungen und Workshops zur digitalen Gesundheitsinfrastruktur &#8211; vor Ort, online und hybrid. In der sich schnell entwickelnden Gesundheitslandschaft von heute ist der effektive Einsatz digitaler Technologien f\u00fcr die Erbringung hochwertiger Gesundheitsdienstleistungen unerl\u00e4sslich. Unsere Schulungen und Workshops sollen Fachkr\u00e4fte im Gesundheitswesen, Branchenexperten und Interessenvertreter mit dem Wissen und den F\u00e4higkeiten [&#8230;]<\/p>\n<p><a class=\"btn btn-secondary understrap-read-more-link\" href=\"https:\/\/german-healthcare-engineering.com\/de\/training\">Weiterlesen&#8230;<\/a><\/p>\n","protected":false},"author":1,"featured_media":0,"parent":0,"menu_order":0,"comment_status":"closed","ping_status":"closed","template":"page-templates\/empty.php","meta":{"footnotes":""},"class_list":["post-18","page","type-page","status-publish","hentry"],"_links":{"self":[{"href":"https:\/\/german-healthcare-engineering.com\/de\/wp-json\/wp\/v2\/pages\/18","targetHints":{"allow":["GET"]}}],"collection":[{"href":"https:\/\/german-healthcare-engineering.com\/de\/wp-json\/wp\/v2\/pages"}],"about":[{"href":"https:\/\/german-healthcare-engineering.com\/de\/wp-json\/wp\/v2\/types\/page"}],"author":[{"embeddable":true,"href":"https:\/\/german-healthcare-engineering.com\/de\/wp-json\/wp\/v2\/users\/1"}],"replies":[{"embeddable":true,"href":"https:\/\/german-healthcare-engineering.com\/de\/wp-json\/wp\/v2\/comments?post=18"}],"version-history":[{"count":7,"href":"https:\/\/german-healthcare-engineering.com\/de\/wp-json\/wp\/v2\/pages\/18\/revisions"}],"predecessor-version":[{"id":126,"href":"https:\/\/german-healthcare-engineering.com\/de\/wp-json\/wp\/v2\/pages\/18\/revisions\/126"}],"wp:attachment":[{"href":"https:\/\/german-healthcare-engineering.com\/de\/wp-json\/wp\/v2\/media?parent=18"}],"curies":[{"name":"wp","href":"https:\/\/api.w.org\/{rel}","templated":true}]}}