{"id":15,"date":"2023-04-19T05:21:27","date_gmt":"2023-04-19T05:21:27","guid":{"rendered":"https:\/\/german-healthcare-engineering.com\/de\/?page_id=15"},"modified":"2023-06-20T06:55:41","modified_gmt":"2023-06-20T06:55:41","slug":"consulting","status":"publish","type":"page","link":"https:\/\/german-healthcare-engineering.com\/de\/consulting","title":{"rendered":"Consulting"},"content":{"rendered":"<div class=\"consulting-bg\">\n<div class=\"container h-100\">\n<div class=\"row h-100 align-items-end\">\n<div class=\"col-md-6 banner-txt\">\n<h1>Beratung<\/h1>\n<p>Profitieren Sie vom Fachwissen unserer erfahrenen Experten, die \u00fcber umfassende Kenntnisse sowohl im Gesundheitswesen als auch im IT-Sektor verf\u00fcgen.<\/p>\n<\/div>\n<\/div>\n<\/div>\n<\/div>\n<div class=\"section-white\">\n<div class=\"container\">\n<div class=\"row align-items-center\">\n<div class=\"col-lg-7\">\n<p>Der wirksame Einsatz digitaler Technologien ist f\u00fcr die Erbringung hochwertiger Gesundheitsdienstleistungen von entscheidender Bedeutung. Unsere professionellen Beratungsdienste sind speziell darauf ausgerichtet, Fachleuten aus dem Gesundheitswesen, Branchenexperten und Interessenvertretern das Wissen und die F\u00e4higkeiten zu vermitteln, die sie ben\u00f6tigen, wobei der Schwerpunkt auf digitalen Innovationen in der Gesundheitsinfrastruktur liegt.<\/p>\n<p>Begleitet von unserem Team aus erfahrenen Experten decken unsere umfassenden Beratungsdienste ein breites Spektrum wichtiger Themen ab, darunter die Bewertung und Implementierung digitaler Gesundheits-Infrastrukturen, individuelle Managementberatung, technische und Anwenderschulungen zu digitalen Gesundheits-Infrastrukturen sowie ma\u00dfgeschneiderte Schulungen und Workshops zu Smart Hospital Planning (SHP), Smart Hospital Maintenance (SHM) und Enterprise-Resource-Planning (ERP)-Software und mehr.<\/p>\n<\/div>\n<div class=\"col-lg-5\">\n<img decoding=\"async\" src=\"https:\/\/german-healthcare-engineering.com\/de\/wp-content\/uploads\/2023\/06\/comsulting-hospital.jpg\" class=\"img-fluid d-block mx-auto\">\n<\/div>\n<\/div>\n<\/div>\n<\/div>\n<div class=\"section-secondary\">\n<div class=\"container\">\n<div class=\"row\">\n<div class=\"col-lg-7 order-lg-2\">\n<p>Wir verfolgen einen strukturierten Ansatz, um umfassende Beratungsdienste f\u00fcr das digitale Gesundheitswesen anzubieten. Unser Team aus erfahrenen Fachleuten arbeitet eng mit Organisationen und Interessengruppen im Gesundheitswesen zusammen, um ihre individuellen Bed\u00fcrfnisse zu verstehen und ma\u00dfgeschneiderte Strategien zu entwickeln, die digitale Technologien effektiv nutzen. Unser Ansatz umfasst die folgenden Schl\u00fcsselprozesse:<\/p>\n<div class=\"su-accordion su-u-trim\">\n<div class=\"su-spoiler su-spoiler-style-default su-spoiler-icon-plus su-spoiler-closed\" data-scroll-offset=\"0\" data-anchor-in-url=\"no\"><div class=\"su-spoiler-title\" tabindex=\"0\" role=\"button\"><span class=\"su-spoiler-icon\"><\/span>Bed\u00fcrfnisanalyse<\/div><div class=\"su-spoiler-content su-u-clearfix su-u-trim\">\n<p>Wir f\u00fchren gr\u00fcndliche Bewertungen durch, um die spezifischen Bed\u00fcrfnisse und Anforderungen unserer Kunden zu ermitteln. Dazu geh\u00f6ren die Analyse von Daten, die Durchf\u00fchrung von Interviews und die Bewertung des aktuellen Zustands ihrer digitalen Gesundheits-Infrastruktur.<\/p>\n<\/div><\/div>\n<div class=\"su-spoiler su-spoiler-style-default su-spoiler-icon-plus su-spoiler-closed\" data-scroll-offset=\"0\" data-anchor-in-url=\"no\"><div class=\"su-spoiler-title\" tabindex=\"0\" role=\"button\"><span class=\"su-spoiler-icon\"><\/span>Strategieentwicklung<\/div><div class=\"su-spoiler-content su-u-clearfix su-u-trim\">\n<p>Wir entwickeln ma\u00dfgeschneiderte Strategien, die auf die Ziele unserer Kunden abgestimmt sind. Dazu geh\u00f6ren die Definition des Umfangs des Beratungsauftrags, die Festlegung von Zielen und Zeitpl\u00e4nen sowie die Skizzierung der f\u00fcr den Erfolg erforderlichen Schritte und Ressourcen.<\/p>\n<\/div><\/div>\n<div class=\"su-spoiler su-spoiler-style-default su-spoiler-icon-plus su-spoiler-closed\" data-scroll-offset=\"0\" data-anchor-in-url=\"no\"><div class=\"su-spoiler-title\" tabindex=\"0\" role=\"button\"><span class=\"su-spoiler-icon\"><\/span>L\u00f6sungsentwurf<\/div><div class=\"su-spoiler-content su-u-clearfix su-u-trim\">\n<p>Wir entwickeln umfassende L\u00f6sungen, die auf die ermittelten Bed\u00fcrfnisse und Herausforderungen eingehen. Dazu k\u00f6nnen Empfehlungen f\u00fcr bestimmte digitale Technologien, Softwarel\u00f6sungen, Prozessverbesserungen und Workflow-Optimierungen geh\u00f6ren, um die Gesundheitsversorgung zu optimieren und die Ergebnisse f\u00fcr die Patienten zu verbessern.<\/p>\n<\/div><\/div>\n<div class=\"su-spoiler su-spoiler-style-default su-spoiler-icon-plus su-spoiler-closed\" data-scroll-offset=\"0\" data-anchor-in-url=\"no\"><div class=\"su-spoiler-title\" tabindex=\"0\" role=\"button\"><span class=\"su-spoiler-icon\"><\/span>Unterst\u00fctzung bei der Umsetzung<\/div><div class=\"su-spoiler-content su-u-clearfix su-u-trim\">\n<p>Wir bieten praktische Unterst\u00fctzung w\u00e4hrend der Implementierungsphase der empfohlenen L\u00f6sungen. Dazu geh\u00f6ren die Unterst\u00fctzung bei der Installation und Konfiguration digitaler Technologien, die Schulung des Gesundheitspersonals und die \u00dcberwachung der Fortschritte, um eine erfolgreiche Umsetzung zu gew\u00e4hrleisten.<\/p>\n<\/div><\/div>\n<div class=\"su-spoiler su-spoiler-style-default su-spoiler-icon-plus su-spoiler-closed\" data-scroll-offset=\"0\" data-anchor-in-url=\"no\"><div class=\"su-spoiler-title\" tabindex=\"0\" role=\"button\"><span class=\"su-spoiler-icon\"><\/span>Bewertung und Optimierung<\/div><div class=\"su-spoiler-content su-u-clearfix su-u-trim\">\n<p>Wir bewerten kontinuierlich die Effektivit\u00e4t der implementierten L\u00f6sungen und nehmen gegebenenfalls Anpassungen vor, um die Leistung zu optimieren. Dazu geh\u00f6ren die Analyse von Daten, die \u00dcberwachung der wichtigsten Leistungsindikatoren (KPIs) und die Durchf\u00fchrung regelm\u00e4\u00dfiger \u00dcberpr\u00fcfungen, um sicherzustellen, dass die gew\u00fcnschten Ergebnisse erzielt werden<\/p>\n<\/div><\/div>\n<div class=\"su-spoiler su-spoiler-style-default su-spoiler-icon-plus su-spoiler-closed\" data-scroll-offset=\"0\" data-anchor-in-url=\"no\"><div class=\"su-spoiler-title\" tabindex=\"0\" role=\"button\"><span class=\"su-spoiler-icon\"><\/span>\u00c4nderungsmanagement<\/div><div class=\"su-spoiler-content su-u-clearfix su-u-trim\">\n<p>Wir bieten kompetente Unterst\u00fctzung bei der Bew\u00e4ltigung des Wandels, der mit der Einf\u00fchrung digitaler Technologien und Prozesse im Gesundheitswesen einhergeht. Dazu geh\u00f6ren die Bew\u00e4ltigung von Widerst\u00e4nden gegen Ver\u00e4nderungen, die Erleichterung der Kommunikation und Zusammenarbeit zwischen den Beteiligten und die Unterst\u00fctzung eines reibungslosen \u00dcbergangs<\/p>\n<\/div><\/div>\n<div class=\"su-spoiler su-spoiler-style-default su-spoiler-icon-plus su-spoiler-closed\" data-scroll-offset=\"0\" data-anchor-in-url=\"no\"><div class=\"su-spoiler-title\" tabindex=\"0\" role=\"button\"><span class=\"su-spoiler-icon\"><\/span>Laufende Unterst\u00fctzung<\/div><div class=\"su-spoiler-content su-u-clearfix su-u-trim\">\n<p>Wir bieten unseren Kunden auch nach Abschluss des Beratungsauftrags kontinuierliche Unterst\u00fctzung und Beratung. Dazu geh\u00f6ren regelm\u00e4\u00dfige \u00dcberpr\u00fcfungen, die Behebung von Fehlern und die Bew\u00e4ltigung von Problemen oder Herausforderungen, die in der Phase nach der Implementierung auftreten k\u00f6nnen.<\/p>\n<\/div><\/div>\n<\/div><\/div>\n<div class=\"col-lg-5 order-lg-1\">\n<img decoding=\"async\" src=\"https:\/\/german-healthcare-engineering.com\/de\/wp-content\/uploads\/2023\/06\/consulting-teamwork.jpg\" class=\"img-fluid d-block mx-auto\">\n<\/div>\n<\/div>\n<\/div>\n<\/div>\n<div class=\"section-white\">\n<div class=\"container\">\n<div class=\"row\">\n<div class=\"col-md-12\">\n<p>Unser strukturierter Beratungsansatz stellt sicher, dass unsere Kunden umfassende und ma\u00dfgeschneiderte L\u00f6sungen f\u00fcr ihre Bed\u00fcrfnisse im digitalen Gesundheitswesen erhalten. Durch die Nutzung unseres Fachwissens und unserer Erfahrung k\u00f6nnen Organisationen und Akteure im Gesundheitswesen digitale Technologien erfolgreich einf\u00fchren und optimieren, um die Gesundheitsversorgung und die Ergebnisse f\u00fcr die Patienten zu verbessern.<\/p>\n<p>Wir freuen uns auf die Gelegenheit, Sie bei unserem engagierten und informativen Beratungsservice f\u00fcr die digitale Gesundheitsinfrastruktur begr\u00fc\u00dfen zu d\u00fcrfen. Lassen Sie uns gemeinsam die transformative Kraft der digitalen Innovation freisetzen, um die Zukunft des Gesundheitswesens zu gestalten!<\/p>\n<p><a href=\"https:\/\/german-healthcare-engineering.com\/de\/contact\" class=\"btn btn-primary\">Online-Anfrage<\/a>\n<\/div>\n<\/div>\n<\/div>\n<\/div>\n","protected":false},"excerpt":{"rendered":"<p>Beratung Profitieren Sie vom Fachwissen unserer erfahrenen Experten, die \u00fcber umfassende Kenntnisse sowohl im Gesundheitswesen als auch im IT-Sektor verf\u00fcgen. Der wirksame Einsatz digitaler Technologien ist f\u00fcr die Erbringung hochwertiger Gesundheitsdienstleistungen von entscheidender Bedeutung. Unsere professionellen Beratungsdienste sind speziell darauf ausgerichtet, Fachleuten aus dem Gesundheitswesen, Branchenexperten und Interessenvertretern das Wissen und die F\u00e4higkeiten zu vermitteln, [&#8230;]<\/p>\n<p><a class=\"btn btn-secondary understrap-read-more-link\" href=\"https:\/\/german-healthcare-engineering.com\/de\/consulting\">Weiterlesen&#8230;<\/a><\/p>\n","protected":false},"author":1,"featured_media":0,"parent":0,"menu_order":0,"comment_status":"closed","ping_status":"closed","template":"page-templates\/empty.php","meta":{"footnotes":""},"class_list":["post-15","page","type-page","status-publish","hentry"],"_links":{"self":[{"href":"https:\/\/german-healthcare-engineering.com\/de\/wp-json\/wp\/v2\/pages\/15","targetHints":{"allow":["GET"]}}],"collection":[{"href":"https:\/\/german-healthcare-engineering.com\/de\/wp-json\/wp\/v2\/pages"}],"about":[{"href":"https:\/\/german-healthcare-engineering.com\/de\/wp-json\/wp\/v2\/types\/page"}],"author":[{"embeddable":true,"href":"https:\/\/german-healthcare-engineering.com\/de\/wp-json\/wp\/v2\/users\/1"}],"replies":[{"embeddable":true,"href":"https:\/\/german-healthcare-engineering.com\/de\/wp-json\/wp\/v2\/comments?post=15"}],"version-history":[{"count":10,"href":"https:\/\/german-healthcare-engineering.com\/de\/wp-json\/wp\/v2\/pages\/15\/revisions"}],"predecessor-version":[{"id":125,"href":"https:\/\/german-healthcare-engineering.com\/de\/wp-json\/wp\/v2\/pages\/15\/revisions\/125"}],"wp:attachment":[{"href":"https:\/\/german-healthcare-engineering.com\/de\/wp-json\/wp\/v2\/media?parent=15"}],"curies":[{"name":"wp","href":"https:\/\/api.w.org\/{rel}","templated":true}]}}