{"id":13,"date":"2023-04-19T05:21:13","date_gmt":"2023-04-19T05:21:13","guid":{"rendered":"https:\/\/german-healthcare-engineering.com\/de\/?page_id=13"},"modified":"2023-06-20T06:49:56","modified_gmt":"2023-06-20T06:49:56","slug":"software","status":"publish","type":"page","link":"https:\/\/german-healthcare-engineering.com\/de\/software","title":{"rendered":"Software"},"content":{"rendered":"<div class=\"software-bg\">\n<div class=\"container h-100\">\n<div class=\"row h-100 align-items-end\">\n<div class=\"col-md-6 banner-txt\">\n<h1>Software<\/h1>\n<p>Unser Ziel ist es, die digitale Infrastruktur des Gesundheitswesens durch unsere fortschrittlichen Softwarel\u00f6sungen zu verbessern.<\/p>\n<\/div>\n<\/div>\n<\/div>\n<\/div>\n<div class=\"section-white\">\n<div class=\"container\">\n<div class=\"row\">\n<div class=\"col-lg-7\">\n<p>German Healthcare Engineering bietet hochmoderne Softwarel\u00f6sungen, die speziell f\u00fcr die Optimierung von Prozessen und die Verbesserung der Patientenversorgung in Krankenh\u00e4usern und Gesundheitseinrichtungen entwickelt wurden. Unser umfassendes Angebot an innovativen L\u00f6sungen, darunter Smart Hospital Planning, Smart Hospital Maintenance, Enterprise-Resource-Planning (ERP) und individuelle Softwarel\u00f6sungen, wird von unserem internationalen Expertenteam unter Ber\u00fccksichtigung der individuellen Anforderungen von Gesundheitsorganisationen entwickelt &#8211; von kleinen Kliniken bis hin zu gro\u00dfen Krankenh\u00e4usern mit mehreren Standorten. Unser Ziel ist es, Krankenhausplanern und Organisationen des Gesundheitswesens die Werkzeuge an die Hand zu geben, die sie ben\u00f6tigen, um die betriebliche Effizienz zu steigern, Kosten zu senken und letztendlich die Ergebnisse f\u00fcr die Patienten zu verbessern.<\/p>\n<p>Setzen Sie sich noch heute mit uns in Verbindung, um mehr \u00fcber unsere fortschrittlichen Softwarel\u00f6sungen f\u00fcr das Gesundheitswesen zu erfahren und wie sie Ihrer Organisation helfen k\u00f6nnen, ihre Ziele im Gesundheitswesen zu erreichen.<\/p>\n<p><a href=\"https:\/\/german-healthcare-engineering.com\/de\/contact\" class=\"btn btn-primary\">Online-Anfrage<\/a>\n<\/div>\n<div class=\"col-lg-5 text-center d-flex align-items-center\" style=\"background:#eee;padding:30px;\">\n<div>\n<p><strong>Sind Sie an unseren innovativen Smart Hospital Maintenance-L\u00f6sungen interessiert?<br \/>\nKlicken Sie auf das Logo, um weitere Informationen zu erhalten<\/strong><\/p>\n<p><a href=\"http:\/\/www.shm.software\/\" target=\"_blank\" rel=\"noopener\"><img decoding=\"async\" src=\"https:\/\/german-healthcare-engineering.com\/de\/wp-content\/uploads\/2023\/04\/SHospitalM.png\" class=\"img-fluid d-block mx-auto\"><\/a>\n<\/div>\n<\/div>\n<\/div>\n<\/div>\n<\/div>\n","protected":false},"excerpt":{"rendered":"<p>Software Unser Ziel ist es, die digitale Infrastruktur des Gesundheitswesens durch unsere fortschrittlichen Softwarel\u00f6sungen zu verbessern. German Healthcare Engineering bietet hochmoderne Softwarel\u00f6sungen, die speziell f\u00fcr die Optimierung von Prozessen und die Verbesserung der Patientenversorgung in Krankenh\u00e4usern und Gesundheitseinrichtungen entwickelt wurden. Unser umfassendes Angebot an innovativen L\u00f6sungen, darunter Smart Hospital Planning, Smart Hospital Maintenance, Enterprise-Resource-Planning (ERP) [&#8230;]<\/p>\n<p><a class=\"btn btn-secondary understrap-read-more-link\" href=\"https:\/\/german-healthcare-engineering.com\/de\/software\">Weiterlesen&#8230;<\/a><\/p>\n","protected":false},"author":1,"featured_media":0,"parent":0,"menu_order":0,"comment_status":"closed","ping_status":"closed","template":"page-templates\/empty.php","meta":{"footnotes":""},"class_list":["post-13","page","type-page","status-publish","hentry"],"_links":{"self":[{"href":"https:\/\/german-healthcare-engineering.com\/de\/wp-json\/wp\/v2\/pages\/13","targetHints":{"allow":["GET"]}}],"collection":[{"href":"https:\/\/german-healthcare-engineering.com\/de\/wp-json\/wp\/v2\/pages"}],"about":[{"href":"https:\/\/german-healthcare-engineering.com\/de\/wp-json\/wp\/v2\/types\/page"}],"author":[{"embeddable":true,"href":"https:\/\/german-healthcare-engineering.com\/de\/wp-json\/wp\/v2\/users\/1"}],"replies":[{"embeddable":true,"href":"https:\/\/german-healthcare-engineering.com\/de\/wp-json\/wp\/v2\/comments?post=13"}],"version-history":[{"count":8,"href":"https:\/\/german-healthcare-engineering.com\/de\/wp-json\/wp\/v2\/pages\/13\/revisions"}],"predecessor-version":[{"id":123,"href":"https:\/\/german-healthcare-engineering.com\/de\/wp-json\/wp\/v2\/pages\/13\/revisions\/123"}],"wp:attachment":[{"href":"https:\/\/german-healthcare-engineering.com\/de\/wp-json\/wp\/v2\/media?parent=13"}],"curies":[{"name":"wp","href":"https:\/\/api.w.org\/{rel}","templated":true}]}}