{"id":10,"date":"2023-04-19T05:21:04","date_gmt":"2023-04-19T05:21:04","guid":{"rendered":"https:\/\/german-healthcare-engineering.com\/de\/?page_id=10"},"modified":"2023-06-20T06:47:51","modified_gmt":"2023-06-20T06:47:51","slug":"about-us","status":"publish","type":"page","link":"https:\/\/german-healthcare-engineering.com\/de\/about-us","title":{"rendered":"\u00dcber uns"},"content":{"rendered":"<div class=\"about-bg\">\n<div class=\"container h-100\">\n<div class=\"row h-100 align-items-end\">\n<div class=\"col-md-6 banner-txt\">\n<h1>\u00dcber uns<\/h1>\n<p>Obwohl wir unsere Urspr\u00fcnge in Hamburg, Norddeutschland, haben, stammt unser Team aus gesch\u00e4tzten Branchenexperten aus der ganzen Welt.<\/p>\n<\/div>\n<\/div>\n<\/div>\n<\/div>\n<div class=\"section-white\">\n<div class=\"container\">\n<div class=\"row align-items-center\">\n<div class=\"col-lg-7\">\n<p>Die German Healthcare Engineering GmbH mit Hauptsitz in Hamburg ist ein f\u00fchrendes Unternehmen mit globaler Pr\u00e4senz. Unsere Mission ist es, die Infrastruktur des Gesundheitswesens nachhaltig zu verbessern, indem wir die Kraft von physischen und digitalen Komponenten nutzen.<\/p>\n<p>Unser Team aus internationalen Branchenexperten konzentriert sich in erster Linie auf die Entwicklung von Softwarel\u00f6sungen. Gemeinsam mit unseren bew\u00e4hrten Partnern arbeiten wir intensiv an der Entwicklung innovativer L\u00f6sungen, die den einzigartigen Herausforderungen des Gesundheitswesens gerecht werden. Dank unserer umfassenden globalen Erfahrung bringen wir eine vielf\u00e4ltige Perspektive in unsere Arbeit ein, die es uns erm\u00f6glicht, anpassungsf\u00e4hige und effektive L\u00f6sungen f\u00fcr verschiedene Gesundheitssysteme auf der ganzen Welt zu entwickeln.<\/p>\n<\/div>\n<div class=\"col-lg-5\">\n<img decoding=\"async\" src=\"https:\/\/german-healthcare-engineering.com\/de\/wp-content\/uploads\/2023\/06\/about-us-germany.jpg\" class=\"img-fluid d-block mx-auto\">\n<\/div>\n<\/div>\n<\/div>\n<\/div>\n<div class=\"hp-bar\">\n<div class=\"container\">\n<div class=\"row align-items-center\">\n<div class=\"col-lg\">\n<p class=\"hpbar-txt\">Kontaktieren Sie uns f\u00fcr weitere Informationen oder vereinbaren Sie einen Termin<\/p>\n<\/div>\n<div class=\"col-lg-auto\">\n<a href=\"https:\/\/german-healthcare-engineering.com\/de\/contact\" class=\"btn btn-primary\">Kontakt jetzt<\/a>\n<\/div>\n<\/div>\n<\/div>\n<\/div>\n<div class=\"section-white\">\n<div class=\"container\">\n<div class=\"row align-items-center\">\n<div class=\"col-lg-7 order-lg-2\">\n<p>Unser oberstes Ziel ist es, die Bereitstellung und Verf\u00fcgbarkeit von Gesundheitsdiensten weltweit zu verbessern, indem wir die Nutzung der verf\u00fcgbaren Ressourcen optimieren. Wir haben uns bei allem, was wir tun, zu Spitzenleistungen, Innovation und Nachhaltigkeit verpflichtet und sind stolz auf unsere Beitr\u00e4ge zur Gesundheitsbranche.<\/p>\n<p>Vielen Dank, dass Sie German Healthcare Engineering GmbH als Ihren zuverl\u00e4ssigen Partner bei der Umgestaltung des globalen Gesundheitswesens in Betracht ziehen. Wir haben uns dem Ziel verschrieben, einen bedeutenden und dauerhaften Beitrag zu leisten und freuen uns auf die Zusammenarbeit mit Ihnen auf diesem wichtigen Weg. Gemeinsam k\u00f6nnen wir einen positiven Wandel in der Gesundheitslandschaft bewirken.<\/p>\n<\/div>\n<div class=\"col-lg-5 order-lg-1\">\n<img decoding=\"async\" src=\"https:\/\/german-healthcare-engineering.com\/de\/wp-content\/uploads\/2023\/06\/about-us-team.jpg\" class=\"img-fluid d-block mx-auto\">\n<\/div>\n<\/div>\n<\/div>\n<\/div>\n","protected":false},"excerpt":{"rendered":"<p>\u00dcber uns Obwohl wir unsere Urspr\u00fcnge in Hamburg, Norddeutschland, haben, stammt unser Team aus gesch\u00e4tzten Branchenexperten aus der ganzen Welt. Die German Healthcare Engineering GmbH mit Hauptsitz in Hamburg ist ein f\u00fchrendes Unternehmen mit globaler Pr\u00e4senz. Unsere Mission ist es, die Infrastruktur des Gesundheitswesens nachhaltig zu verbessern, indem wir die Kraft von physischen und digitalen [&#8230;]<\/p>\n<p><a class=\"btn btn-secondary understrap-read-more-link\" href=\"https:\/\/german-healthcare-engineering.com\/de\/about-us\">Weiterlesen&#8230;<\/a><\/p>\n","protected":false},"author":1,"featured_media":0,"parent":0,"menu_order":0,"comment_status":"closed","ping_status":"closed","template":"page-templates\/empty.php","meta":{"footnotes":""},"class_list":["post-10","page","type-page","status-publish","hentry"],"_links":{"self":[{"href":"https:\/\/german-healthcare-engineering.com\/de\/wp-json\/wp\/v2\/pages\/10","targetHints":{"allow":["GET"]}}],"collection":[{"href":"https:\/\/german-healthcare-engineering.com\/de\/wp-json\/wp\/v2\/pages"}],"about":[{"href":"https:\/\/german-healthcare-engineering.com\/de\/wp-json\/wp\/v2\/types\/page"}],"author":[{"embeddable":true,"href":"https:\/\/german-healthcare-engineering.com\/de\/wp-json\/wp\/v2\/users\/1"}],"replies":[{"embeddable":true,"href":"https:\/\/german-healthcare-engineering.com\/de\/wp-json\/wp\/v2\/comments?post=10"}],"version-history":[{"count":8,"href":"https:\/\/german-healthcare-engineering.com\/de\/wp-json\/wp\/v2\/pages\/10\/revisions"}],"predecessor-version":[{"id":121,"href":"https:\/\/german-healthcare-engineering.com\/de\/wp-json\/wp\/v2\/pages\/10\/revisions\/121"}],"wp:attachment":[{"href":"https:\/\/german-healthcare-engineering.com\/de\/wp-json\/wp\/v2\/media?parent=10"}],"curies":[{"name":"wp","href":"https:\/\/api.w.org\/{rel}","templated":true}]}}